{"id":4419,"date":"2016-04-28T14:15:52","date_gmt":"2016-04-28T13:15:52","guid":{"rendered":"http:\/\/tenerifevista.ducklingit.com\/?page_id=4419"},"modified":"2023-04-27T03:00:27","modified_gmt":"2023-04-27T02:00:27","slug":"teneriffa-umgebung","status":"publish","type":"page","link":"https:\/\/www.tenerifevista.com\/de\/teneriffa-umgebung\/","title":{"rendered":"Teneriffa &#038; Umgebung"},"content":{"rendered":"<p>Wir d\u00fcrfen Sie begl\u00fcckw\u00fcnschen, eine der sch\u00f6nsten und abwechslungsreichsten Inseln entdeckt zu haben. Nat\u00fcrlich wird das, was Sie im Web finden, nicht einen eigenen realen Besuch auf der Insel des ewigen Fr\u00fchlings ersetzen k\u00f6nnen. Deshalb wollen wir Ihnen ein paar Insidertips geben, die Sie so nicht in jedem Reisekatalog finden k\u00f6nnen:<\/p>\n<div class=\"gdlr-shortcode-wrapper\"><div class=\"gdlr-box-with-icon-ux gdlr-ux\"><div class=\"gdlr-item gdlr-box-with-icon-item pos-top type-circle\" ><div class=\"box-with-circle-icon\" style=\"background-color: #FFD202\"><i class=\"fa fa-sun-o\"  style=\"color:#ffffff;\" ><\/i><br><\/div><h4 class=\"box-with-icon-title\">Klima<\/h4><div class=\"clear\"><\/div><div class=\"box-with-icon-caption\"><p>Zun\u00e4chst werden Sie sich fragen, wann wir hier die sch\u00f6nste Jahreszeit haben. Diese Frage ist eigentlich ganz einfach zu beantworten, n\u00e4mlich das ganze Jahr ist Teneriffa eine Reise wert. Sie haben das ganze Jahr \u00fcber warme Temperaturen, so da\u00df praktisch weder eine Klimaanlage im Sommer noch eine Heizung im Winter in Puerto de la Cruz n\u00f6tig ist. Auch die Temperaturen des Atlantiks erlauben es, ganzj\u00e4hrig ein Bad zu nehmen. Gerade weil die Nordh\u00e4lfte Teneriffas im Sommer von den Passatwinde gesch\u00fctzt wird, ist es hier im August beispielsweise wesentlich angenehmer als etwa am Mittelmeer.<\/p>\n<p><iframe loading=\"lazy\" id=\"iframe_aemet_id33044\" tabindex=\"0\" src=\"https:\/\/www.aemet.es\/es\/eltiempo\/prediccion\/municipios\/mostrarwidget\/puerto-de-la-cruz-id38028?w=g4p01110011ohmffffffw992z241x4f86d9t95b6e9r1s8n2\" name=\"iframe_aemet_id33044\" width=\"100%\" height=\"250px\" frameborder=\"0\" scrolling=\"no\"><\/iframe><\/p>\n<p>Weitere Wetterinformationen finden Sie auch hier:<\/p>\n<div class=\"clear\"><\/div><div class=\"gdlr-space\" style=\"margin-top: 30px;\"><\/div>\n<a class=\"gdlr-button medium with-border\" href=\"http:\/\/www.telescope.org\/webcam-tn-teidecam.php\" target=\"_blank\" style=\"color:#092a5e; background-color:#FFD202; border-color:#ed6d17; \" rel=\"noopener\"><i class=\"gdlr-icon fa icon-video-camera\"  ><\/i>Teide - Webcams<\/a>\n<a class=\"gdlr-button medium with-border\" href=\"http:\/\/www.iac.es\/telescopes\/tiempo\/weather.html\" target=\"_blank\" style=\"color:#092a5e; background-color:#FFD202; border-color:#ed6d17; \" rel=\"noopener\"><i class=\"gdlr-icon fa icon-space-shuttle\"  ><\/i>Instituto Astrof\u00edsica Canarias<\/a>\n<div class=\"clear\"><\/div><div class=\"gdlr-space\" style=\"margin-top: -10px;\"><\/div>\n<\/div><\/div><\/div><\/div>\n<div class=\"gdlr-shortcode-wrapper\"><div class=\"gdlr-box-with-icon-ux gdlr-ux\"><div class=\"gdlr-item gdlr-box-with-icon-item pos-top type-circle\" ><div class=\"box-with-circle-icon\" style=\"background-color: #69b2d9\"><i class=\"fa fa-area-chart\"  style=\"color:#ffffff;\" ><\/i><br><\/div><h4 class=\"box-with-icon-title\">Reisesaison<\/h4><div class=\"clear\"><\/div><div class=\"box-with-icon-caption\"><p>Wenn Sie flexibel in der Urlaubsgestaltung sind, empfehlen wir Ihnen in den Nebensaisonzeiten zu reisen. Dann haben Sie die gleiche Leistung zu g\u00fcnstigeren Preisen und wir k\u00f6nnen Ihren speziellen Zimmerw\u00fcnschen bzw. Lage der Zimmer besser entsprechen. Nebensaisonzeiten sind beispielsweise: Anfang Juni bis Mitte Juli sowie Anfang Dezember. Zus\u00e4tzlich pr\u00e4sentiert sich die Insel von Mai bis Mitte Juni im farbenpr\u00e4chtigsten Bl\u00fctenkleid.<\/p>\n<div class=\"clear\"><\/div><div class=\"gdlr-space\" style=\"margin-top: -10px;\"><\/div>\n<\/div><\/div><\/div><\/div>\n<div class=\"gdlr-shortcode-wrapper\"><div class=\"gdlr-box-with-icon-ux gdlr-ux\"><div class=\"gdlr-item gdlr-box-with-icon-item pos-top type-circle\" ><div class=\"box-with-circle-icon\" style=\"background-color: #092a5e\"><i class=\"fa fa-map-signs\"  style=\"color:#ffffff;\" ><\/i><br><\/div><h4 class=\"box-with-icon-title\">Die Nordk\u00fcste<\/h4><div class=\"clear\"><\/div><div class=\"box-with-icon-caption\"><p>Abseits der gro\u00dfen Touristenstr\u00f6me in Santa Ursula liegt die Apartmentanlage und <a title=\"\" href=\"\/vistamar\/\">Vistamar<\/a>. Santa Ursula liegt h\u00f6her als Puerto de la Cruz auf circa 300 m \u00fc.NN und bietet teilweise spektakul\u00e4re Panorama-Aussichten auf das Orotava-Tal.<\/p>\n<p>Die Nordk\u00fcste hat einige schwarze Sandbuchten aufzuweisen, die sich gut zum Baden eignen. Die n\u00e4hesten perfekten Flachwasser-Schwimmbuchten liegen in circa 30 km Entfernung in der N\u00e4he von Santa Cruz. Das unschlagbare Plus der Nordk\u00fcste sind jedoch die zahlreichen Aussichtspunkte, von denen sich eine einmalige Landschaftskomposition bietet, die vom Tiefblau des Atlantiks \u00fcber das Wei\u00df der D\u00f6rfer und dem Gr\u00fcn der Palmen und Nadelw\u00e4lder bis zur mehrfarbigen Bergpyramide des Pico de Teide reicht. Mit seinen 3718 m, ist er der h\u00f6chste Berg Spaniens und der h\u00f6chste Vulkan Europas. Er stellt dabei den \u00c4tna und Vesuv leicht in den Schatten.<\/p>\n<div class=\"clear\"><\/div><div class=\"gdlr-space\" style=\"margin-top: -10px;\"><\/div>\n<\/div><\/div><\/div><\/div>\n<div class=\"gdlr-shortcode-wrapper\"><div class=\"gdlr-box-with-icon-ux gdlr-ux\"><div class=\"gdlr-item gdlr-box-with-icon-item pos-top type-circle\" ><div class=\"box-with-circle-icon\" style=\"background-color: #D6724F\"><i class=\"fa fa-car\"  style=\"color:#ffffff;\" ><\/i><br><\/div><h4 class=\"box-with-icon-title\">Autovermietung<\/h4><div class=\"clear\"><\/div><div class=\"box-with-icon-caption\"><p>M\u00f6chten Sie bereits bei Ankunft am Flughafen in Teneriffa mobil sein?<br \/>\nGern empfehlen wir Ihnen Autos Mertens, welche Sie mit dem folgenden Link direkt erreichen<\/p>\n<div class=\"clear\"><\/div><div class=\"gdlr-space\" style=\"margin-top: 30px;\"><\/div>\n<a class=\"gdlr-button medium with-border\" href=\"https:\/\/autos-mertens.com\/de\" target=\"_blank\" style=\"color:#ffffff; background-color:#d6724f; border-color:#98543c; \" rel=\"noopener\"><i class=\"gdlr-icon fa icon-car\"  ><\/i>Autos Mertens<\/a>\n<div class=\"clear\"><\/div><div class=\"gdlr-space\" style=\"margin-top: -10px;\"><\/div>\n<\/div><\/div><\/div><\/div>\n","protected":false},"excerpt":{"rendered":"<p>Wir d\u00fcrfen Sie begl\u00fcckw\u00fcnschen, eine der sch\u00f6nsten und abwechslungsreichsten Inseln entdeckt zu haben. Nat\u00fcrlich wird das, was Sie im Web finden, nicht einen eigenen realen Besuch auf der Insel des ewigen Fr\u00fchlings ersetzen k\u00f6nnen. Deshalb wollen wir Ihnen ein paar Insidertips geben, die Sie so nicht in jedem Reisekatalog finden k\u00f6nnen:<\/p>\n","protected":false},"author":1,"featured_media":0,"parent":0,"menu_order":0,"comment_status":"closed","ping_status":"closed","template":"","meta":{"ngg_post_thumbnail":0,"footnotes":""},"class_list":["post-4419","page","type-page","status-publish","hentry"],"_links":{"self":[{"href":"https:\/\/www.tenerifevista.com\/de\/wp-json\/wp\/v2\/pages\/4419","targetHints":{"allow":["GET"]}}],"collection":[{"href":"https:\/\/www.tenerifevista.com\/de\/wp-json\/wp\/v2\/pages"}],"about":[{"href":"https:\/\/www.tenerifevista.com\/de\/wp-json\/wp\/v2\/types\/page"}],"author":[{"embeddable":true,"href":"https:\/\/www.tenerifevista.com\/de\/wp-json\/wp\/v2\/users\/1"}],"replies":[{"embeddable":true,"href":"https:\/\/www.tenerifevista.com\/de\/wp-json\/wp\/v2\/comments?post=4419"}],"version-history":[{"count":9,"href":"https:\/\/www.tenerifevista.com\/de\/wp-json\/wp\/v2\/pages\/4419\/revisions"}],"predecessor-version":[{"id":6257,"href":"https:\/\/www.tenerifevista.com\/de\/wp-json\/wp\/v2\/pages\/4419\/revisions\/6257"}],"wp:attachment":[{"href":"https:\/\/www.tenerifevista.com\/de\/wp-json\/wp\/v2\/media?parent=4419"}],"curies":[{"name":"wp","href":"https:\/\/api.w.org\/{rel}","templated":true}]}}